{"id":28,"date":"2023-11-04T11:39:23","date_gmt":"2023-11-04T11:39:23","guid":{"rendered":"https:\/\/salamanteri.info\/?page_id=28"},"modified":"2026-03-27T15:23:13","modified_gmt":"2026-03-27T15:23:13","slug":"kissat","status":"publish","type":"page","link":"https:\/\/salamanteri.info\/index.php\/kissat\/","title":{"rendered":"Kissat"},"content":{"rendered":"\n<p>Nelijalkaiselle kodin kuninkaalliselle l\u00f6yd\u00e4t meilt\u00e4 laadukkaat raksut, m\u00e4rk\u00e4ruoat, kissanhiekat, herkut, lelut sek\u00e4 raapimapuut.<\/p>\n\n\n\n<p>Edustamamme ruokamerkit:<\/p>\n\n\n\n<p>Acana<\/p>\n\n\n\n<p>Almo Nature, m\u00e4rk\u00e4ruoka<\/p>\n\n\n\n<p>Applaws<\/p>\n\n\n\n<p>Kattovit<\/p>\n\n\n\n<p>Life Cat, m\u00e4rk\u00e4ruoka<\/p>\n\n\n\n<p>Miamor, m\u00e4rk\u00e4ruoka<\/p>\n\n\n\n<p>Monge<\/p>\n\n\n\n<p>Monster<\/p>\n\n\n\n<p>N &amp; D<\/p>\n\n\n\n<p>Nature&#8217;s Protection<\/p>\n\n\n\n<p>Orijen<\/p>\n\n\n\n<p>Royal Canin<\/p>\n\n\n\n<p>Trovet<\/p>\n\n\n\n<p>Schmusy, m\u00e4rk\u00e4ruoka<\/p>\n\n\n\n<p>sek\u00e4 pakasteesta Mushin ja Tessun lihapullat<\/p>\n\n\n\n<p><\/p>\n\n\n\n<p>Kissanhiekkavalikoimamme:<\/p>\n\n\n\n<p>Ever Clean<\/p>\n\n\n\n<p>Lindo Cat<\/p>\n\n\n\n<p>Odour Buster<\/p>\n\n\n\n<p>Take Care<\/p>\n\n\n\n<figure class=\"wp-block-image size-full\"><img loading=\"lazy\" decoding=\"async\" width=\"600\" height=\"600\" src=\"https:\/\/salamanteri.info\/wp-content\/uploads\/2023\/11\/RC_kissa.png\" alt=\"\" class=\"wp-image-29\" srcset=\"https:\/\/salamanteri.info\/wp-content\/uploads\/2023\/11\/RC_kissa.png 600w, https:\/\/salamanteri.info\/wp-content\/uploads\/2023\/11\/RC_kissa-300x300.png 300w, https:\/\/salamanteri.info\/wp-content\/uploads\/2023\/11\/RC_kissa-150x150.png 150w\" sizes=\"auto, (max-width: 600px) 100vw, 600px\" \/><\/figure>\n\n\n\n<p>Kissanhiekoista l\u00f6ytyv\u00e4t seuraavat merkit:<\/p>\n\n\n\n<p>Ever Clean<\/p>\n\n\n\n<p>Moster<\/p>\n\n\n\n<p>Lindo Cat<\/p>\n\n\n\n<p>Odour Buster<\/p>\n","protected":false},"excerpt":{"rendered":"<p>Nelijalkaiselle kodin kuninkaalliselle l\u00f6yd\u00e4t meilt\u00e4 laadukkaat raksut, m\u00e4rk\u00e4ruoat, kissanhiekat, herkut, lelut sek\u00e4 raapimapuut. Edustamamme ruokamerkit: Acana Almo Nature, m\u00e4rk\u00e4ruoka Applaws Kattovit Life Cat, m\u00e4rk\u00e4ruoka Miamor, m\u00e4rk\u00e4ruoka Monge Monster N &amp; D Nature&#8217;s Protection Orijen Royal Canin Trovet Schmusy, m\u00e4rk\u00e4ruoka sek\u00e4 pakasteesta Mushin ja Tessun lihapullat Kissanhiekkavalikoimamme: Ever Clean Lindo Cat Odour Buster Take Care Kissanhiekoista &hellip; <\/p>\n<p class=\"link-more\"><a href=\"https:\/\/salamanteri.info\/index.php\/kissat\/\" class=\"more-link\">Jatka lukemista<span class=\"screen-reader-text\"> &#8221;Kissat&#8221;<\/span><\/a><\/p>\n","protected":false},"author":1,"featured_media":0,"parent":0,"menu_order":0,"comment_status":"closed","ping_status":"closed","template":"","meta":{"footnotes":""},"class_list":["post-28","page","type-page","status-publish","hentry"],"_links":{"self":[{"href":"https:\/\/salamanteri.info\/index.php\/wp-json\/wp\/v2\/pages\/28","targetHints":{"allow":["GET"]}}],"collection":[{"href":"https:\/\/salamanteri.info\/index.php\/wp-json\/wp\/v2\/pages"}],"about":[{"href":"https:\/\/salamanteri.info\/index.php\/wp-json\/wp\/v2\/types\/page"}],"author":[{"embeddable":true,"href":"https:\/\/salamanteri.info\/index.php\/wp-json\/wp\/v2\/users\/1"}],"replies":[{"embeddable":true,"href":"https:\/\/salamanteri.info\/index.php\/wp-json\/wp\/v2\/comments?post=28"}],"version-history":[{"count":8,"href":"https:\/\/salamanteri.info\/index.php\/wp-json\/wp\/v2\/pages\/28\/revisions"}],"predecessor-version":[{"id":272,"href":"https:\/\/salamanteri.info\/index.php\/wp-json\/wp\/v2\/pages\/28\/revisions\/272"}],"wp:attachment":[{"href":"https:\/\/salamanteri.info\/index.php\/wp-json\/wp\/v2\/media?parent=28"}],"curies":[{"name":"wp","href":"https:\/\/api.w.org\/{rel}","templated":true}]}}