{"id":42,"date":"2024-01-29T14:37:46","date_gmt":"2024-01-29T14:37:46","guid":{"rendered":"https:\/\/salamanteri.info\/?page_id=42"},"modified":"2026-03-27T15:17:33","modified_gmt":"2026-03-27T15:17:33","slug":"matelijat","status":"publish","type":"page","link":"https:\/\/salamanteri.info\/index.php\/matelijat\/","title":{"rendered":"Matelijat"},"content":{"rendered":"\n<p>Meilt\u00e4 saat matelijallesi niin el\u00e4vi\u00e4 ruokahy\u00f6nteisi\u00e4 (kentt\u00e4sirkat, jauhomadot sek\u00e4 satunnaisesti torakoita ja vahakoisia) ett\u00e4 pakasteesta k\u00e4\u00e4rmeelle pakastehiiri\u00e4 sek\u00e4 -rottia, satunnaisesti my\u00f6s tipuja.<\/p>\n\n\n\n<p>Nyt on terraariossa myyt\u00e4v\u00e4n\u00e4 kotimaisia Algerianskinkkej\u00e4 (8\/25)<\/p>\n\n\n\n<p>Valikoimissa my\u00f6s erilaisia kuivikkeita, l\u00e4mp\u00f6lamppuja sek\u00e4 -mattoja, koristeita, kuppeja luolia ym. rekvisiittaa.<\/p>\n\n\n\n<p>Matelijoita, sammakkoel\u00e4imi\u00e4 sek\u00e4 h\u00e4m\u00e4h\u00e4kkiel\u00e4imi\u00e4 saamme tilattua. Kysy rohkeasti tarjontaa!<\/p>\n\n\n","protected":false},"excerpt":{"rendered":"<p>Meilt\u00e4 saat matelijallesi niin el\u00e4vi\u00e4 ruokahy\u00f6nteisi\u00e4 (kentt\u00e4sirkat, jauhomadot sek\u00e4 satunnaisesti torakoita ja vahakoisia) ett\u00e4 pakasteesta k\u00e4\u00e4rmeelle pakastehiiri\u00e4 sek\u00e4 -rottia, satunnaisesti my\u00f6s tipuja. Nyt on terraariossa myyt\u00e4v\u00e4n\u00e4 kotimaisia Algerianskinkkej\u00e4 (8\/25) Valikoimissa my\u00f6s erilaisia kuivikkeita, l\u00e4mp\u00f6lamppuja sek\u00e4 -mattoja, koristeita, kuppeja luolia ym. rekvisiittaa. Matelijoita, sammakkoel\u00e4imi\u00e4 sek\u00e4 h\u00e4m\u00e4h\u00e4kkiel\u00e4imi\u00e4 saamme tilattua. Kysy rohkeasti tarjontaa!<\/p>\n","protected":false},"author":1,"featured_media":0,"parent":0,"menu_order":0,"comment_status":"closed","ping_status":"closed","template":"","meta":{"footnotes":""},"class_list":["post-42","page","type-page","status-publish","hentry"],"_links":{"self":[{"href":"https:\/\/salamanteri.info\/index.php\/wp-json\/wp\/v2\/pages\/42","targetHints":{"allow":["GET"]}}],"collection":[{"href":"https:\/\/salamanteri.info\/index.php\/wp-json\/wp\/v2\/pages"}],"about":[{"href":"https:\/\/salamanteri.info\/index.php\/wp-json\/wp\/v2\/types\/page"}],"author":[{"embeddable":true,"href":"https:\/\/salamanteri.info\/index.php\/wp-json\/wp\/v2\/users\/1"}],"replies":[{"embeddable":true,"href":"https:\/\/salamanteri.info\/index.php\/wp-json\/wp\/v2\/comments?post=42"}],"version-history":[{"count":4,"href":"https:\/\/salamanteri.info\/index.php\/wp-json\/wp\/v2\/pages\/42\/revisions"}],"predecessor-version":[{"id":269,"href":"https:\/\/salamanteri.info\/index.php\/wp-json\/wp\/v2\/pages\/42\/revisions\/269"}],"wp:attachment":[{"href":"https:\/\/salamanteri.info\/index.php\/wp-json\/wp\/v2\/media?parent=42"}],"curies":[{"name":"wp","href":"https:\/\/api.w.org\/{rel}","templated":true}]}}