{"id":47,"date":"2023-11-04T16:04:45","date_gmt":"2023-11-04T16:04:45","guid":{"rendered":"https:\/\/salamanteri.info\/?page_id=47"},"modified":"2026-01-14T17:58:46","modified_gmt":"2026-01-14T17:58:46","slug":"yhteystiedot","status":"publish","type":"page","link":"https:\/\/salamanteri.info\/index.php\/yhteystiedot\/","title":{"rendered":"Yhteystiedot"},"content":{"rendered":"\n<p><strong>El\u00e4inkauppa Salamanteri<\/strong><\/p>\n\n\n\n<p>Kauppalankatu 7-11<\/p>\n\n\n\n<p>05800 Hyvink\u00e4\u00e4<\/p>\n\n\n\n<p>Puhelin: 019 439 490<\/p>\n\n\n\n<p>S\u00e4hk\u00f6postiosoite: salamanteri(at)co.inet.fi<\/p>\n\n\n\n<p><\/p>\n\n\n\n<p><strong>Avoinna:<\/strong><\/p>\n\n\n\n<p>maanantai &#8211; perjantai 10 &#8211; 18<\/p>\n\n\n\n<p>lauantai                             10 &#8211; 15<\/p>\n\n\n\n<p><\/p>\n\n\n\n<p><strong>Verkkokauppaan p\u00e4\u00e4set t\u00e4st\u00e4:<\/strong><\/p>\n\n\n\n<p><a href=\"https:\/\/salamanteri.mycashflow.fi\">https:\/\/salamanteri.mycashflow.fi<\/a><\/p>\n\n\n\n<p>sielt\u00e4 l\u00f6yd\u00e4t tuotteita, joita itse maahantuomme \ud83d\ude42<\/p>\n\n\n\n<p><\/p>\n","protected":false},"excerpt":{"rendered":"<p>El\u00e4inkauppa Salamanteri Kauppalankatu 7-11 05800 Hyvink\u00e4\u00e4 Puhelin: 019 439 490 S\u00e4hk\u00f6postiosoite: salamanteri(at)co.inet.fi Avoinna: maanantai &#8211; perjantai 10 &#8211; 18 lauantai 10 &#8211; 15 Verkkokauppaan p\u00e4\u00e4set t\u00e4st\u00e4: https:\/\/salamanteri.mycashflow.fi sielt\u00e4 l\u00f6yd\u00e4t tuotteita, joita itse maahantuomme \ud83d\ude42<\/p>\n","protected":false},"author":1,"featured_media":0,"parent":0,"menu_order":0,"comment_status":"closed","ping_status":"closed","template":"","meta":{"footnotes":""},"class_list":["post-47","page","type-page","status-publish","hentry"],"_links":{"self":[{"href":"https:\/\/salamanteri.info\/index.php\/wp-json\/wp\/v2\/pages\/47","targetHints":{"allow":["GET"]}}],"collection":[{"href":"https:\/\/salamanteri.info\/index.php\/wp-json\/wp\/v2\/pages"}],"about":[{"href":"https:\/\/salamanteri.info\/index.php\/wp-json\/wp\/v2\/types\/page"}],"author":[{"embeddable":true,"href":"https:\/\/salamanteri.info\/index.php\/wp-json\/wp\/v2\/users\/1"}],"replies":[{"embeddable":true,"href":"https:\/\/salamanteri.info\/index.php\/wp-json\/wp\/v2\/comments?post=47"}],"version-history":[{"count":11,"href":"https:\/\/salamanteri.info\/index.php\/wp-json\/wp\/v2\/pages\/47\/revisions"}],"predecessor-version":[{"id":254,"href":"https:\/\/salamanteri.info\/index.php\/wp-json\/wp\/v2\/pages\/47\/revisions\/254"}],"wp:attachment":[{"href":"https:\/\/salamanteri.info\/index.php\/wp-json\/wp\/v2\/media?parent=47"}],"curies":[{"name":"wp","href":"https:\/\/api.w.org\/{rel}","templated":true}]}}